{"id":997,"date":"2019-03-14T13:43:12","date_gmt":"2019-03-14T12:43:12","guid":{"rendered":"http:\/\/jugenddiabetes.de\/beta\/apolda\/?page_id=997"},"modified":"2026-03-11T10:50:41","modified_gmt":"2026-03-11T09:50:41","slug":"wir-sind","status":"publish","type":"page","link":"https:\/\/jugenddiabetes.de\/apolda\/wir-sind\/","title":{"rendered":"Wir sind"},"content":{"rendered":"<p>[et_pb_section fb_built=&#8220;1&#8243; prev_background_color=&#8220;#ffffff&#8220; next_background_color=&#8220;#fff7d9&#8243; _builder_version=&#8220;4.16&#8243; background_color=&#8220;#ffcc00&#8243; background_blend=&#8220;multiply&#8220; custom_padding=&#8220;55px|0px|0|0px|false|false&#8220; top_divider_style=&#8220;curve2&#8243; top_divider_height=&#8220;18px&#8220; bottom_divider_style=&#8220;waves2&#8243; bottom_divider_height=&#8220;38px&#8220; animation_style=&#8220;zoom&#8220; animation_intensity_zoom=&#8220;4%&#8220; global_colors_info=&#8220;{}&#8220;][et_pb_row _builder_version=&#8220;4.16&#8243; background_size=&#8220;initial&#8220; background_position=&#8220;top_left&#8220; background_repeat=&#8220;repeat&#8220; background_blend=&#8220;multiply&#8220; custom_padding=&#8220;0|0px|12px|0px|false|false&#8220; animation_style=&#8220;slide&#8220; animation_direction=&#8220;top&#8220; animation_intensity_slide=&#8220;3%&#8220; global_colors_info=&#8220;{}&#8220;][et_pb_column type=&#8220;4_4&#8243; _builder_version=&#8220;4.16&#8243; custom_padding=&#8220;|||&#8220; global_colors_info=&#8220;{}&#8220; custom_padding__hover=&#8220;|||&#8220;][et_pb_text _builder_version=&#8220;4.16&#8243; text_font=&#8220;||||||||&#8220; header_font=&#8220;Montserrat|700||on|||||dotted&#8220; header_text_color=&#8220;#353740&#8243; header_font_size=&#8220;60px&#8220; header_line_height=&#8220;1.3em&#8220; background_size=&#8220;initial&#8220; background_position=&#8220;top_left&#8220; background_repeat=&#8220;repeat&#8220; custom_margin=&#8220;|||&#8220; animation_style=&#8220;fade&#8220; header_font_size_tablet=&#8220;44px&#8220; header_font_size_phone=&#8220;27px&#8220; header_font_size_last_edited=&#8220;on|desktop&#8220; locked=&#8220;off&#8220; global_colors_info=&#8220;{}&#8220;]<\/p>\n<h1><span color=\"#002a6d\" style=\"color: #002a6d;\"><span style=\"caret-color: #002a6d;\">Wir sind<\/span><\/span><\/h1>\n<p>[\/et_pb_text][et_pb_divider show_divider=&#8220;off&#8220; disabled_on=&#8220;on|on|off&#8220; _builder_version=&#8220;4.16&#8243; max_width=&#8220;120px&#8220; custom_padding=&#8220;|||&#8220; animation_style=&#8220;slide&#8220; animation_direction=&#8220;top&#8220; animation_intensity_slide=&#8220;30%&#8220; global_colors_info=&#8220;{}&#8220;]&nbsp;[\/et_pb_divider][\/et_pb_column][\/et_pb_row][\/et_pb_section][et_pb_section fb_built=&#8220;1&#8243; _builder_version=&#8220;4.16&#8243; background_color=&#8220;#fff7d9&#8243; global_colors_info=&#8220;{}&#8220;][et_pb_row admin_label=&#8220;About Us Area&#8220; _builder_version=&#8220;4.16&#8243; background_size=&#8220;initial&#8220; background_position=&#8220;top_left&#8220; background_repeat=&#8220;repeat&#8220; custom_padding=&#8220;27px|0px|0px|0px&#8220; global_colors_info=&#8220;{}&#8220;][et_pb_column type=&#8220;4_4&#8243; _builder_version=&#8220;4.16&#8243; custom_padding=&#8220;|||&#8220; global_colors_info=&#8220;{}&#8220; custom_padding__hover=&#8220;|||&#8220;][et_pb_text admin_label=&#8220;Title&#8220; _builder_version=&#8220;4.16&#8243; text_font=&#8220;Montserrat||||||||&#8220; text_text_color=&#8220;#747d88&#8243; text_font_size=&#8220;16px&#8220; text_line_height=&#8220;1.9em&#8220; header_font=&#8220;||||||||&#8220; header_text_align=&#8220;left&#8220; header_2_font=&#8220;Montserrat|700||on|||||&#8220; header_2_font_size=&#8220;42px&#8220; header_2_line_height=&#8220;1.3em&#8220; background_color=&#8220;#f7f7f7&#8243; background_size=&#8220;initial&#8220; background_position=&#8220;top_left&#8220; background_repeat=&#8220;repeat&#8220; module_alignment=&#8220;center&#8220; custom_margin=&#8220;|||&#8220; custom_padding=&#8220;10%|10%|10%|10%&#8220; animation_style=&#8220;slide&#8220; animation_direction=&#8220;bottom&#8220; animation_intensity_slide=&#8220;4%&#8220; animation_starting_opacity=&#8220;100%&#8220; box_shadow_style=&#8220;preset1&#8243; box_shadow_vertical=&#8220;15px&#8220; box_shadow_blur=&#8220;45px&#8220; box_shadow_color=&#8220;rgba(0,0,0,0.15)&#8220; locked=&#8220;off&#8220; global_colors_info=&#8220;{}&#8220;]<\/p>\n<p><a href=\"http:\/\/www.jugenddiabetes.de\/apolda\/kh_das_leisten_wir\/kh_wohngr_stammhaus.htm\" target=\"_top\" rel=\"noopener noreferrer\"><span style=\"font-size: 16px; color: #747d88;\">Unsere Einrichtung kann auf eine \u00fcber 150-j\u00e4hrige Tradition sozialen Arbeitens zur\u00fcckblicken. Das Stammhaus dient der Stadt Apolda seit 1923 als Kinderheim.<\/span><br \/><\/a><\/p>\n<p>Im August 1993 erfolgte die \u00dcbernahme der Einrichtung durch das Hilfswerk f\u00fcr jugendliche Diabetiker gGmbH L\u00fcdenscheid.<\/p>\n<p>Seit dieser Zeit betreuen wir integrativ Kinder und Jugendliche, die an Diabetes erkrankt sind.<\/p>\n<p>Im Januar 2010 erfolgte die Umbenennung von Kinderheim &#8222;Clara Zetkin&#8220; in Kinder- und Jugendhaus &#8222;An der Glockengie\u00dferei&#8220; Apolda.<\/p>\n<p>Das Kinder- und Jugendhaus &#8222;An der Glockengie\u00dferei&#8220; Apolda ist anerkannter freier Tr\u00e4ger der Jugendhilfe mit Leistungen nach \u00a7\u00a7 27 ff SGB VIII und Mitglied des DPWV.<\/p>\n<p><a href=\"https:\/\/jugenddiabetes.de\/apolda\/unsere-einrichtung\/\">Betreuungsformen unserer Einrichtung<\/a> und <a href=\"https:\/\/jugenddiabetes.de\/apolda\/unser-personal\/\">unser Personal<\/a>.<\/p>\n<p>[\/et_pb_text][\/et_pb_column][\/et_pb_row][et_pb_row column_structure=&#8220;1_3,1_3,1_3&#8243; _builder_version=&#8220;4.16&#8243; border_color_all=&#8220;#e09900&#8243; global_colors_info=&#8220;{}&#8220;][et_pb_column type=&#8220;1_3&#8243; _builder_version=&#8220;4.16&#8243; custom_padding=&#8220;|||&#8220; global_colors_info=&#8220;{}&#8220; custom_padding__hover=&#8220;|||&#8220;][et_pb_image src=&#8220;https:\/\/jugenddiabetes.de\/apolda\/wp-content\/uploads\/2026\/03\/Aussenwohngruppe.png&#8220; url=&#8220;https:\/\/jugenddiabetes.de\/apolda\/aussenwohngruppe\/&#8220; url_new_window=&#8220;on&#8220; align_tablet=&#8220;center&#8220; align_phone=&#8220;center&#8220; align_last_edited=&#8220;on|desktop&#8220; _builder_version=&#8220;4.19.0&#8243; hover_enabled=&#8220;0&#8243; border_radii=&#8220;on|100px|100px|100px|100px&#8220; border_width_all=&#8220;10px&#8220; border_color_all=&#8220;#ffcc00&#8243; global_colors_info=&#8220;{}&#8220; title_text=&#8220;Au\u00dfenwohngruppe&#8220; sticky_enabled=&#8220;0&#8243;][\/et_pb_image][\/et_pb_column][et_pb_column type=&#8220;1_3&#8243; _builder_version=&#8220;4.16&#8243; custom_padding=&#8220;|||&#8220; global_colors_info=&#8220;{}&#8220; custom_padding__hover=&#8220;|||&#8220;][et_pb_image src=&#8220;https:\/\/jugenddiabetes.de\/apolda\/wp-content\/uploads\/2024\/01\/Stammhaus_neu.jpg&#8220; title_text=&#8220;Stammhaus_neu&#8220; url=&#8220;https:\/\/jugenddiabetes.de\/apolda\/wohngruppen-stammhaus\/&#8220; url_new_window=&#8220;on&#8220; align_tablet=&#8220;center&#8220; align_phone=&#8220;center&#8220; align_last_edited=&#8220;on|desktop&#8220; _builder_version=&#8220;4.19.0&#8243; border_radii=&#8220;on|100px|100px|100px|100px&#8220; border_width_all=&#8220;10px&#8220; border_color_all=&#8220;#ffcc00&#8243; global_colors_info=&#8220;{}&#8220;][\/et_pb_image][\/et_pb_column][et_pb_column type=&#8220;1_3&#8243; _builder_version=&#8220;4.16&#8243; custom_padding=&#8220;|||&#8220; global_colors_info=&#8220;{}&#8220; custom_padding__hover=&#8220;|||&#8220;][et_pb_image src=&#8220;https:\/\/jugenddiabetes.de\/apolda\/wp-content\/uploads\/2019\/03\/Das_sind_wir3.jpg&#8220; url=&#8220;https:\/\/jugenddiabetes.de\/apolda\/verselbstaendigungsgruppe\/&#8220; url_new_window=&#8220;on&#8220; align_tablet=&#8220;center&#8220; align_phone=&#8220;center&#8220; align_last_edited=&#8220;on|desktop&#8220; _builder_version=&#8220;4.16&#8243; border_radii=&#8220;on|100px|100px|100px|100px&#8220; border_width_all=&#8220;10px&#8220; border_color_all=&#8220;#ffcc00&#8243; global_colors_info=&#8220;{}&#8220;][\/et_pb_image][\/et_pb_column][\/et_pb_row][\/et_pb_section]<\/p>\n","protected":false},"excerpt":{"rendered":"<p>Wir sind&nbsp;Unsere Einrichtung kann auf eine \u00fcber 150-j\u00e4hrige Tradition sozialen Arbeitens zur\u00fcckblicken. Das Stammhaus dient der Stadt Apolda seit 1923 als Kinderheim. Im August 1993 erfolgte die \u00dcbernahme der Einrichtung durch das Hilfswerk f\u00fcr jugendliche Diabetiker gGmbH L\u00fcdenscheid. Seit dieser Zeit betreuen wir integrativ Kinder und Jugendliche, die an Diabetes erkrankt sind. Im Januar 2010 [&hellip;]<\/p>\n","protected":false},"author":1,"featured_media":0,"parent":0,"menu_order":0,"comment_status":"closed","ping_status":"closed","template":"","meta":{"_et_pb_use_builder":"on","_et_pb_old_content":"","_et_gb_content_width":"","footnotes":""},"class_list":["post-997","page","type-page","status-publish","hentry"],"_links":{"self":[{"href":"https:\/\/jugenddiabetes.de\/apolda\/wp-json\/wp\/v2\/pages\/997","targetHints":{"allow":["GET"]}}],"collection":[{"href":"https:\/\/jugenddiabetes.de\/apolda\/wp-json\/wp\/v2\/pages"}],"about":[{"href":"https:\/\/jugenddiabetes.de\/apolda\/wp-json\/wp\/v2\/types\/page"}],"author":[{"embeddable":true,"href":"https:\/\/jugenddiabetes.de\/apolda\/wp-json\/wp\/v2\/users\/1"}],"replies":[{"embeddable":true,"href":"https:\/\/jugenddiabetes.de\/apolda\/wp-json\/wp\/v2\/comments?post=997"}],"version-history":[{"count":8,"href":"https:\/\/jugenddiabetes.de\/apolda\/wp-json\/wp\/v2\/pages\/997\/revisions"}],"predecessor-version":[{"id":4581,"href":"https:\/\/jugenddiabetes.de\/apolda\/wp-json\/wp\/v2\/pages\/997\/revisions\/4581"}],"wp:attachment":[{"href":"https:\/\/jugenddiabetes.de\/apolda\/wp-json\/wp\/v2\/media?parent=997"}],"curies":[{"name":"wp","href":"https:\/\/api.w.org\/{rel}","templated":true}]}}