{"id":1011,"date":"2019-03-14T13:45:33","date_gmt":"2019-03-14T12:45:33","guid":{"rendered":"http:\/\/jugenddiabetes.de\/beta\/apolda\/?page_id=1011"},"modified":"2019-06-24T14:39:58","modified_gmt":"2019-06-24T12:39:58","slug":"wohngruppen-stammhaus","status":"publish","type":"page","link":"https:\/\/jugenddiabetes.de\/apolda\/wohngruppen-stammhaus\/","title":{"rendered":"Wohngruppen Stammhaus"},"content":{"rendered":"<p>[et_pb_section fb_built=&#8220;1&#8243; prev_background_color=&#8220;#ffffff&#8220; next_background_color=&#8220;#fff7d9&#8243; _builder_version=&#8220;3.5.1&#8243; background_color=&#8220;#ffcc00&#8243; background_blend=&#8220;multiply&#8220; custom_padding=&#8220;55px|0px|0|0px|false|false&#8220; top_divider_style=&#8220;curve2&#8243; top_divider_height=&#8220;18px&#8220; bottom_divider_style=&#8220;waves2&#8243; bottom_divider_height=&#8220;38px&#8220; animation_style=&#8220;zoom&#8220; animation_intensity_zoom=&#8220;4%&#8220;][et_pb_row custom_padding=&#8220;0|0px|12px|0px|false|false&#8220; bg_img_2=&#8220;http:\/\/jugenddiabetes.de\/beta\/wp-content\/uploads\/2018\/04\/business-13.jpg&#8220; parallax_2=&#8220;on&#8220; _builder_version=&#8220;3.5.1&#8243; background_size=&#8220;initial&#8220; background_position=&#8220;top_left&#8220; background_repeat=&#8220;repeat&#8220; background_blend=&#8220;multiply&#8220; animation_style=&#8220;slide&#8220; animation_direction=&#8220;top&#8220; animation_intensity_slide=&#8220;3%&#8220;][et_pb_column type=&#8220;4_4&#8243; _builder_version=&#8220;3.0.47&#8243;][et_pb_text _builder_version=&#8220;3.5.1&#8243; text_font=&#8220;||||||||&#8220; header_font=&#8220;Montserrat|700||on|||||dotted&#8220; header_text_color=&#8220;#353740&#8243; header_font_size=&#8220;60px&#8220; header_font_size_tablet=&#8220;44px&#8220; header_font_size_phone=&#8220;27px&#8220; header_font_size_last_edited=&#8220;on|desktop&#8220; header_line_height=&#8220;1.3em&#8220; background_size=&#8220;initial&#8220; background_position=&#8220;top_left&#8220; background_repeat=&#8220;repeat&#8220; custom_margin=&#8220;|||&#8220; animation_style=&#8220;fade&#8220; locked=&#8220;off&#8220;]<\/p>\n<h1><span color=\"#002a6d\" style=\"color: #002a6d;\"><span style=\"caret-color: #002a6d;\">Wohngruppen Stammhaus<\/span><\/span><\/h1>\n<p>[\/et_pb_text][et_pb_divider show_divider=&#8220;off&#8220; disabled_on=&#8220;on|on|off&#8220; _builder_version=&#8220;3.5.1&#8243; max_width=&#8220;120px&#8220; custom_padding=&#8220;|||&#8220; animation_style=&#8220;slide&#8220; animation_direction=&#8220;top&#8220; animation_intensity_slide=&#8220;30%&#8220;]<\/p>\n<p>&nbsp;<\/p>\n<p>[\/et_pb_divider][\/et_pb_column][\/et_pb_row][\/et_pb_section][et_pb_section fb_built=&#8220;1&#8243; _builder_version=&#8220;3.20.2&#8243; background_color=&#8220;#fff7d9&#8243;][et_pb_row custom_padding=&#8220;27px|0px|0px|0px&#8220; admin_label=&#8220;About Us Area&#8220; _builder_version=&#8220;3.0.83&#8243; background_size=&#8220;initial&#8220; background_position=&#8220;top_left&#8220; background_repeat=&#8220;repeat&#8220;][et_pb_column type=&#8220;1_2&#8243; _builder_version=&#8220;3.0.47&#8243;][et_pb_text admin_label=&#8220;Title&#8220; _builder_version=&#8220;3.20.2&#8243; text_font=&#8220;Montserrat||||||||&#8220; text_text_color=&#8220;#747d88&#8243; text_font_size=&#8220;16px&#8220; text_line_height=&#8220;1.9em&#8220; header_text_align=&#8220;left&#8220; header_2_font=&#8220;Montserrat|700||on|||||&#8220; header_2_font_size=&#8220;42px&#8220; header_2_line_height=&#8220;1.3em&#8220; background_color=&#8220;#f7f7f7&#8243; background_size=&#8220;initial&#8220; background_position=&#8220;top_left&#8220; background_repeat=&#8220;repeat&#8220; box_shadow_style=&#8220;preset1&#8243; box_shadow_vertical=&#8220;15px&#8220; box_shadow_blur=&#8220;45px&#8220; box_shadow_color=&#8220;rgba(0,0,0,0.15)&#8220; module_alignment=&#8220;center&#8220; custom_margin=&#8220;|||&#8220; custom_padding=&#8220;10%|10%|10%|10%&#8220; animation_style=&#8220;slide&#8220; animation_direction=&#8220;bottom&#8220; animation_intensity_slide=&#8220;4%&#8220; animation_starting_opacity=&#8220;100%&#8220; locked=&#8220;off&#8220;]<\/p>\n<p><strong>Station\u00e4re Hilfe zur Erziehung (Stammhaus, Bernhardstra\u00dfe 42) 19 Pl\u00e4tze nach \u00a7\u00a7 34, 35 a, 41 SGB VIII (davon 1 Platz nach \u00a7\u00a7 53, 54 SGB XII) plus 8 Pl\u00e4tze nach \u00a7\u00a7 34, 35 a, 41 SGB VIII<\/strong><\/p>\n<p>Das Stammhaus unserer Einrichtung ist ein altehrw\u00fcrdiges Geb\u00e4ude, das umfassend modernisiert wurde. Im Geb\u00e4ude befinden sich 4 Wohngruppen, die station\u00e4re Hilfe nach \u00a7\u00a7 34, 35a und 41 SGB VIII anbieten. In den Gruppen wohnen 6 bis 7 Kinder, in Einzel- und Doppelzimmern. Jede Gruppe hat einen separates Wohnzimmer, eine K\u00fcche und einen eigenen Sanit\u00e4rbereich. Die Gruppenbereiche sind modern und freundlich eingerichtet.<\/p>\n<p>T\u00e4tig sind in den Gruppen jeweils 3-4 P\u00e4dagogen. M\u00e4dchen und Jungen verschiedenen Alters leben zusammen. Integrativ werden in jeder Gruppe Kinder und Jugendliche betreut, die an Diabetes erkrankt sind. Wir sehen unseren Auftrag darin, Familienerziehung \u00fcber einen begrenzten Zeitraum zu erg\u00e4nzen, zu unterst\u00fctzen bzw. zu ersetzen. Es ist unser Ziel die Kinder und Jugendlichen im Rahmen unserer M\u00f6glichkeiten optimal und individuell in allen sozialen, kognitiven und motorischen F\u00e4higkeiten zu f\u00f6rdern.<\/p>\n<p>Im Vordergrund steht die F\u00f6rderung und St\u00e4rkung der nat\u00fcrlichen Bindung des Kindes zu seiner Herkunftsfamilie mit dem Ziel der R\u00fcckkehr dorthin. Ist eine R\u00fcckkehr ins Elternhaus nicht m\u00f6glich, sehen wir unseren Auftrag in der Anregung der Entwicklung andere Perspektiven. Methodische Grundlage unserer p\u00e4dagogisch-psychologischen Arbeit bildet ein individuenzentrierter Ansatz. Im vorgegeben Rahmen entwickeln wir f\u00fcr jedes Kind und seine Familie ein spezielles Konzept.<\/p>\n<p>Im Stammhaus befinden sich Therapier\u00e4ume, R\u00e4ume f\u00fcr die Verwaltung und den technischen Bereich.<\/p>\n<p>Wenn Sie mehr \u00fcber die methodisch-inhaltliche Arbeit wissen wollen, dann nutzen Sie bitte unser <a href=\"http:\/\/www.jugenddiabetes.de\/apolda\/kh_kontakt\/kh_kontakt.htm\">Kontaktformular<\/a>.<\/p>\n<p>[\/et_pb_text][\/et_pb_column][et_pb_column type=&#8220;1_2&#8243; _builder_version=&#8220;3.0.47&#8243;][et_pb_image src=&#8220;http:\/\/jugenddiabetes.de\/apolda\/wp-content\/uploads\/2019\/03\/Wohnzimmer-1.-OG.jpg&#8220; _builder_version=&#8220;3.20.2&#8243; border_radii=&#8220;on|100px|100px|100px|100px&#8220; border_width_all=&#8220;10px&#8220; border_color_all=&#8220;#ffcc00&#8243;]<\/p>\n<p>[\/et_pb_image][et_pb_image src=&#8220;http:\/\/jugenddiabetes.de\/apolda\/wp-content\/uploads\/2019\/05\/individueller-Wohnbereich-eines-Jugendlichen-in-WG-IV.jpg&#8220; _builder_version=&#8220;3.20.2&#8243; border_radii=&#8220;on|100px|100px|100px|100px&#8220; border_width_all=&#8220;10px&#8220; border_color_all=&#8220;#ffcc00&#8243;]<\/p>\n<p>[\/et_pb_image][et_pb_image src=&#8220;http:\/\/jugenddiabetes.de\/apolda\/wp-content\/uploads\/2019\/03\/Gemeinsames-Spielen-an-Gruppenabenden.jpg&#8220; _builder_version=&#8220;3.20.2&#8243; border_radii=&#8220;on|100px|100px|100px|100px&#8220; border_width_all=&#8220;10px&#8220; border_color_all=&#8220;#ffcc00&#8243;]<\/p>\n<p>[\/et_pb_image][\/et_pb_column][\/et_pb_row][\/et_pb_section]<\/p>\n","protected":false},"excerpt":{"rendered":"<p>Wohngruppen Stammhaus &nbsp; Station\u00e4re Hilfe zur Erziehung (Stammhaus, Bernhardstra\u00dfe 42) 19 Pl\u00e4tze nach \u00a7\u00a7 34, 35 a, 41 SGB VIII (davon 1 Platz nach \u00a7\u00a7 53, 54 SGB XII) plus 8 Pl\u00e4tze nach \u00a7\u00a7 34, 35 a, 41 SGB VIII Das Stammhaus unserer Einrichtung ist ein altehrw\u00fcrdiges Geb\u00e4ude, das umfassend modernisiert wurde. Im Geb\u00e4ude befinden [&hellip;]<\/p>\n","protected":false},"author":1,"featured_media":0,"parent":0,"menu_order":0,"comment_status":"closed","ping_status":"closed","template":"","meta":{"_et_pb_use_builder":"on","_et_pb_old_content":"","_et_gb_content_width":"","footnotes":""},"class_list":["post-1011","page","type-page","status-publish","hentry"],"_links":{"self":[{"href":"https:\/\/jugenddiabetes.de\/apolda\/wp-json\/wp\/v2\/pages\/1011","targetHints":{"allow":["GET"]}}],"collection":[{"href":"https:\/\/jugenddiabetes.de\/apolda\/wp-json\/wp\/v2\/pages"}],"about":[{"href":"https:\/\/jugenddiabetes.de\/apolda\/wp-json\/wp\/v2\/types\/page"}],"author":[{"embeddable":true,"href":"https:\/\/jugenddiabetes.de\/apolda\/wp-json\/wp\/v2\/users\/1"}],"replies":[{"embeddable":true,"href":"https:\/\/jugenddiabetes.de\/apolda\/wp-json\/wp\/v2\/comments?post=1011"}],"version-history":[{"count":10,"href":"https:\/\/jugenddiabetes.de\/apolda\/wp-json\/wp\/v2\/pages\/1011\/revisions"}],"predecessor-version":[{"id":1705,"href":"https:\/\/jugenddiabetes.de\/apolda\/wp-json\/wp\/v2\/pages\/1011\/revisions\/1705"}],"wp:attachment":[{"href":"https:\/\/jugenddiabetes.de\/apolda\/wp-json\/wp\/v2\/media?parent=1011"}],"curies":[{"name":"wp","href":"https:\/\/api.w.org\/{rel}","templated":true}]}}